{"id":114,"date":"2019-04-02T11:06:20","date_gmt":"2019-04-02T11:06:20","guid":{"rendered":"http:\/\/rsva.nl\/?page_id=114"},"modified":"2024-12-27T14:03:48","modified_gmt":"2024-12-27T13:03:48","slug":"knhs-wedstrijden","status":"publish","type":"page","link":"http:\/\/schouten-hippique.nl\/?page_id=114","title":{"rendered":"KNHS dressuurwedstrijdoverzicht."},"content":{"rendered":"<p><strong>KNHS dressuur wedstrijdoverzicht 2025<\/strong><\/p>\n<ul>\n<li>Nagenoeg iedere 2e zondag (overdag) en in de zomermaanden ook elke laatste donderdag (avondwedstrijd)<br \/>Check KNHS.nl voor agenda en inschrijving<\/li>\n<\/ul>\n<p>&nbsp;<\/p>\n<h1>Informatie wedstrijdkalender en inschrijven<\/h1>\n<div class=\"bodyText\">\n<p>Alle wedstrijden die door de KNHS zijn goedgekeurd staan in\u00a0<a href=\"https:\/\/www.mijnknhs.nl\/\" target=\"_blank\" rel=\"noopener\">MijnKNHS.nl<\/a>. Inschrijven voor wedstrijden kan in veel gevallen direct online via MijnKNHS.nl. Werkt een wedstrijdorganisatie nog niet met MijnKNHS.nl, dan kun je je inschrijven door een inschrijfformulier in te vullen en op te sturen. Deze inschrijfformulieren staan onderaan de pagina als download.<\/p>\n<p><strong>Tips voor het gebruik van de wedstrijdkalender in MijnKNHS.nl<\/strong><\/p>\n<ul>\n<li>In de wedstrijdkalender kun je wedstrijden bij jou in de buurt vinden of gericht zoeken op bijvoorbeeld discipline, klasse of niveau\u00a0<\/li>\n<li>In Mijn KNHS kun je instellen welke discipline je rijdt, je krijgt dan automatisch die wedstrijden in de kalender te zien\u00a0<\/li>\n<li>Voor internationale wedstrijden gebruik je de zoekterm &#8216;internationaal&#8217;<\/li>\n<li>Voor subtopwedstrijden gebruik je de zoekterm &#8216;subtop&#8217;<\/li>\n<li>Voor selectiewedstrijden zoek je op &#8216;Selectie&#8217;<\/li>\n<li>Wedstrijden die al geweest zijn staan onder &#8216;Uitslagen&#8217;<\/li>\n<\/ul>\n<p>Let op dat als je je inschrijft voor een wedstrijd dat deze is goedgekeurd door de KNHS en dat het geen zogenaamde &#8216;wilde wedstrijd&#8217; betreft. Het starten op of meewerken aan een wilde wedstrijd is niet toegestaan, je kunt er een boete voor krijgen. Lees in de downloads hieronder het PDF-artikel over wilde wedstrijden.<\/p>\n<\/div>\n<p>&nbsp;<\/p>\n<h1>Algemene informatie KNHS<\/h1>\n<p>De KNHS-dressuurwedstrijden zijn dressuurwedstrijden met offici\u00eble KNHS-proeven, bedoeld voor verenigingsleden met een priv\u00e9-paard of leden die een manegepaard huren. Ook ruiters van buiten de manege die een priv\u00e9-paard bezitten en ingeschreven staan bij de KNHS mogen meedoen aan deze wedstrijden.<\/p>\n<p><strong>Data<br \/><\/strong> Zie de activiteitenkalender!<\/p>\n<p><strong>Aanmelden<br \/><\/strong> Aanmelden kan bij het Wedstrijdsecretariaat e-mail: wedstrijden@schouten-hippique.nl of tel: 0683865600<\/p>\n<p><strong>Afzeggen<br \/><\/strong> Afzeggingen kunnen alleen worden gedaan naar e-mail: wedstrijden@schouten-hippique.nl of tel: 06 83865600<br \/>Doe dit wel minimaal 7 dagen voor de desbetreffende wedstrijd, daarna alleen afzeggen d.m.v. dierenartsverklaring en\/of doktersverklaring (dit volgens de reglementen van de KNHS). Bij geen juiste afmelding wordt het verschuldigde startgeld gewoon in rekening gebracht.<\/p>\n<p><strong>Starttijden<br \/><\/strong> Voor de starttijden verwijzen we je naar www.startlijsten.nl. Meld je op de wedstrijddag bij het secretariaat een uur voor aanvang met contante betaling. <br \/>Kijk een dag v\u00f3\u00f3r de wedstrijd nog naar de startlijst voor de eventueel gewijzigde starttijden. Op de wedstrijddag zelf kunnen we uiteraard ook in- of uitlopen, wij zullen echter niet meer dan een half uur inlopen. Op de wedstrijddag kun je ook contact opnemen met de manege, tel: 036 538 61 72.<\/p>\n<p><strong>Meer informatie<br \/><\/strong>Voor meer informatie kun je WhatsAppen of sms&#8217;en met het Wedstrijdsecretariaat via, tel: 06 28 98 52 10. Mailen mag natuurlijk ook. Stuur je mail naar wedstrijden@schouten-hippique.nl.<\/p>\n<p>Wil je meer informatie over de KNHS klik dan op deze <a href=\"http:\/\/www.knhs.nl\">link<\/a><\/p>\n","protected":false},"excerpt":{"rendered":"","protected":false},"author":2,"featured_media":1732,"parent":0,"menu_order":0,"comment_status":"closed","ping_status":"closed","template":"","meta":{"spay_email":""},"_links":{"self":[{"href":"http:\/\/schouten-hippique.nl\/index.php?rest_route=\/wp\/v2\/pages\/114"}],"collection":[{"href":"http:\/\/schouten-hippique.nl\/index.php?rest_route=\/wp\/v2\/pages"}],"about":[{"href":"http:\/\/schouten-hippique.nl\/index.php?rest_route=\/wp\/v2\/types\/page"}],"author":[{"embeddable":true,"href":"http:\/\/schouten-hippique.nl\/index.php?rest_route=\/wp\/v2\/users\/2"}],"replies":[{"embeddable":true,"href":"http:\/\/schouten-hippique.nl\/index.php?rest_route=%2Fwp%2Fv2%2Fcomments&post=114"}],"version-history":[{"count":11,"href":"http:\/\/schouten-hippique.nl\/index.php?rest_route=\/wp\/v2\/pages\/114\/revisions"}],"predecessor-version":[{"id":2596,"href":"http:\/\/schouten-hippique.nl\/index.php?rest_route=\/wp\/v2\/pages\/114\/revisions\/2596"}],"wp:featuredmedia":[{"embeddable":true,"href":"http:\/\/schouten-hippique.nl\/index.php?rest_route=\/wp\/v2\/media\/1732"}],"wp:attachment":[{"href":"http:\/\/schouten-hippique.nl\/index.php?rest_route=%2Fwp%2Fv2%2Fmedia&parent=114"}],"curies":[{"name":"wp","href":"https:\/\/api.w.org\/{rel}","templated":true}]}}